{"id":11,"date":"2024-11-27T13:04:24","date_gmt":"2024-11-27T13:04:24","guid":{"rendered":"https:\/\/fitstep.rs\/?page_id=11"},"modified":"2025-05-14T10:13:14","modified_gmt":"2025-05-14T10:13:14","slug":"quality-guarantee","status":"publish","type":"page","link":"https:\/\/fitstep.rs\/en\/quality-guarantee\/","title":{"rendered":"Quality"},"content":{"rendered":"<div data-elementor-type=\"wp-page\" data-elementor-id=\"11\" class=\"elementor elementor-11\">\n\t\t\t\t<div class=\"elementor-element elementor-element-481e6305 e-con-full e-flex e-con e-parent\" data-id=\"481e6305\" data-element_type=\"container\" data-e-type=\"container\" data-settings=\"{&quot;background_background&quot;:&quot;classic&quot;}\">\n\t\t\t\t<div class=\"elementor-element elementor-element-53cd2756 elementor-widget__width-inherit elementor-invisible elementor-widget elementor-widget-heading\" data-id=\"53cd2756\" data-element_type=\"widget\" data-e-type=\"widget\" data-settings=\"{&quot;_animation&quot;:&quot;fadeIn&quot;}\" data-widget_type=\"heading.default\">\n\t\t\t\t<div class=\"elementor-widget-container\">\n\t\t\t\t\t<h2 class=\"elementor-heading-title elementor-size-default\">Fit Step Quality Guarantee<\/h2>\t\t\t\t<\/div>\n\t\t\t\t<\/div>\n\t\t\t\t<div class=\"elementor-element elementor-element-2421342f elementor-icon-list--layout-inline elementor-align-start elementor-list-item-link-full_width elementor-invisible elementor-widget elementor-widget-icon-list\" data-id=\"2421342f\" data-element_type=\"widget\" data-e-type=\"widget\" data-settings=\"{&quot;_animation&quot;:&quot;fadeIn&quot;,&quot;_animation_delay&quot;:200}\" data-widget_type=\"icon-list.default\">\n\t\t\t\t<div class=\"elementor-widget-container\">\n\t\t\t\t\t\t\t<ul class=\"elementor-icon-list-items elementor-inline-items\">\n\t\t\t\t\t\t\t<li class=\"elementor-icon-list-item elementor-inline-item\">\n\t\t\t\t\t\t\t\t\t\t\t<a href=\"#\">\n\n\t\t\t\t\t\t\t\t\t\t\t<span class=\"elementor-icon-list-text\">Home<\/span>\n\t\t\t\t\t\t\t\t\t\t\t<\/a>\n\t\t\t\t\t\t\t\t\t<\/li>\n\t\t\t\t\t\t\t\t<li class=\"elementor-icon-list-item elementor-inline-item\">\n\t\t\t\t\t\t\t\t\t\t\t<a href=\"#\">\n\n\t\t\t\t\t\t\t\t\t\t\t\t<span class=\"elementor-icon-list-icon\">\n\t\t\t\t\t\t\t<i aria-hidden=\"true\" class=\"icon icon-arrow-right\"><\/i>\t\t\t\t\t\t<\/span>\n\t\t\t\t\t\t\t\t\t\t<span class=\"elementor-icon-list-text\">About<\/span>\n\t\t\t\t\t\t\t\t\t\t\t<\/a>\n\t\t\t\t\t\t\t\t\t<\/li>\n\t\t\t\t\t\t<\/ul>\n\t\t\t\t\t\t<\/div>\n\t\t\t\t<\/div>\n\t\t\t\t<\/div>\n\t\t<div class=\"elementor-element elementor-element-1599b6d7 e-flex e-con-boxed e-con e-parent\" data-id=\"1599b6d7\" data-element_type=\"container\" data-e-type=\"container\">\n\t\t\t\t\t<div class=\"e-con-inner\">\n\t\t<div class=\"elementor-element elementor-element-dda8c1e e-con-full e-flex elementor-invisible e-con e-child\" data-id=\"dda8c1e\" data-element_type=\"container\" data-e-type=\"container\" data-settings=\"{&quot;background_background&quot;:&quot;classic&quot;,&quot;animation&quot;:&quot;fadeIn&quot;}\">\n\t\t\t\t<div class=\"elementor-element elementor-element-385467b0 elementor-widget-divider--view-line elementor-widget elementor-widget-divider\" data-id=\"385467b0\" data-element_type=\"widget\" data-e-type=\"widget\" data-widget_type=\"divider.default\">\n\t\t\t\t<div class=\"elementor-widget-container\">\n\t\t\t\t\t\t\t<div class=\"elementor-divider\">\n\t\t\t<span class=\"elementor-divider-separator\">\n\t\t\t\t\t\t<\/span>\n\t\t<\/div>\n\t\t\t\t\t\t<\/div>\n\t\t\t\t<\/div>\n\t\t\t\t<\/div>\n\t\t<div class=\"elementor-element elementor-element-5c7c18fa e-con-full e-flex e-con e-child\" data-id=\"5c7c18fa\" data-element_type=\"container\" data-e-type=\"container\">\n\t\t<div class=\"elementor-element elementor-element-6cfc3564 e-con-full e-flex e-con e-child\" data-id=\"6cfc3564\" data-element_type=\"container\" data-e-type=\"container\">\n\t\t\t\t<div class=\"elementor-element elementor-element-37088d67 elementor-widget__width-inherit elementor-invisible elementor-widget elementor-widget-text-editor\" data-id=\"37088d67\" data-element_type=\"widget\" data-e-type=\"widget\" data-settings=\"{&quot;_animation&quot;:&quot;fadeIn&quot;}\" data-widget_type=\"text-editor.default\">\n\t\t\t\t<div class=\"elementor-widget-container\">\n\t\t\t\t\t\t\t\t\t<p>Fit Step Quality<\/p>\t\t\t\t\t\t\t\t<\/div>\n\t\t\t\t<\/div>\n\t\t\t\t<div class=\"elementor-element elementor-element-16d5c578 elementor-invisible elementor-widget elementor-widget-heading\" data-id=\"16d5c578\" data-element_type=\"widget\" data-e-type=\"widget\" data-settings=\"{&quot;_animation&quot;:&quot;fadeIn&quot;,&quot;_animation_delay&quot;:200}\" data-widget_type=\"heading.default\">\n\t\t\t\t<div class=\"elementor-widget-container\">\n\t\t\t\t\t<h2 class=\"elementor-heading-title elementor-size-default\">Keeping Up with European Standards<\/h2>\t\t\t\t<\/div>\n\t\t\t\t<\/div>\n\t\t\t\t<\/div>\n\t\t<div class=\"elementor-element elementor-element-111aea48 e-con-full e-flex e-con e-child\" data-id=\"111aea48\" data-element_type=\"container\" data-e-type=\"container\">\n\t\t\t\t<div class=\"elementor-element elementor-element-4bfa227a elementor-widget elementor-widget-text-editor\" data-id=\"4bfa227a\" data-element_type=\"widget\" data-e-type=\"widget\" data-widget_type=\"text-editor.default\">\n\t\t\t\t<div class=\"elementor-widget-container\">\n\t\t\t\t\t\t\t\t\t<p>In accordance with European standards and the EU SUP directive, Fit Step has developed and implemented a new product line with a special design, shape and dimensions.<\/p><p>These environmentally friendly products are made from 100% natural materials and as such ensure environmental sustainability without compromising on quality.<\/p><p>Our constant innovations are based on the research of new technologies and the selection of better materials in order to satisfy the needs of our users while preserving the environment.\u00a0<\/p><p>Our products are also an excellent example of sustainable manufacturing practices. The electricity used in production was obtained from renewable sources, i.e. solar panels. This resulted in a huge saving of CO2, and the preservation of nature was achieved to a significant extent.\u00a0<\/p><p>Our products are FSC certified and as such are intended for direct and completely safe contact with food.\u00a0<\/p>\t\t\t\t\t\t\t\t<\/div>\n\t\t\t\t<\/div>\n\t\t\t\t<\/div>\n\t\t\t\t<\/div>\n\t\t\t\t\t<\/div>\n\t\t\t\t<\/div>\n\t\t<div class=\"elementor-element elementor-element-1bea9d6 e-flex e-con-boxed e-con e-parent\" data-id=\"1bea9d6\" data-element_type=\"container\" data-e-type=\"container\">\n\t\t\t\t\t<div class=\"e-con-inner\">\n\t\t\t\t<div class=\"elementor-element elementor-element-399416b elementor-widget elementor-widget-heading\" data-id=\"399416b\" data-element_type=\"widget\" data-e-type=\"widget\" data-widget_type=\"heading.default\">\n\t\t\t\t<div class=\"elementor-widget-container\">\n\t\t\t\t\t<h2 class=\"elementor-heading-title elementor-size-default\">Accreditation and Quality Certificates<\/h2>\t\t\t\t<\/div>\n\t\t\t\t<\/div>\n\t\t\t\t\t<\/div>\n\t\t\t\t<\/div>\n\t\t<div class=\"elementor-element elementor-element-2d79faf e-flex e-con-boxed e-con e-parent\" data-id=\"2d79faf\" data-element_type=\"container\" data-e-type=\"container\">\n\t\t\t\t\t<div class=\"e-con-inner\">\n\t\t\t\t<div class=\"elementor-element elementor-element-2adaa13 gallery-spacing-custom elementor-widget elementor-widget-image-gallery\" data-id=\"2adaa13\" data-element_type=\"widget\" data-e-type=\"widget\" data-widget_type=\"image-gallery.default\">\n\t\t\t\t<div class=\"elementor-widget-container\">\n\t\t\t\t\t\t\t<div class=\"elementor-image-gallery\">\n\t\t\t<div id='gallery-1' class='gallery galleryid-11 gallery-columns-2 gallery-size-medium_large'><figure class='gallery-item'>\n\t\t\t<div class='gallery-icon landscape'>\n\t\t\t\t<a data-elementor-open-lightbox=\"yes\" data-elementor-lightbox-slideshow=\"2adaa13\" data-elementor-lightbox-title=\"Asset 43 2\" data-e-action-hash=\"#elementor-action%3Aaction%3Dlightbox%26settings%3DeyJpZCI6MjQ3LCJ1cmwiOiJodHRwczpcL1wvZml0c3RlcC5yc1wvd3AtY29udGVudFwvdXBsb2Fkc1wvMjAyNFwvMTJcL0Fzc2V0LTQzLTIucG5nIiwic2xpZGVzaG93IjoiMmFkYWExMyJ9\" href='https:\/\/mlankofacfxh.i.optimole.com\/cb:s9z3.7c7\/w:auto\/h:auto\/q:mauto\/ig:avif\/https:\/\/fitstep.rs\/wp-content\/uploads\/2024\/12\/Asset-43-2.png'><img data-opt-id=1173917710  fetchpriority=\"high\" decoding=\"async\" width=\"768\" height=\"349\" src=\"https:\/\/mlankofacfxh.i.optimole.com\/cb:s9z3.7c7\/w:768\/h:349\/q:mauto\/ig:avif\/https:\/\/fitstep.rs\/wp-content\/uploads\/2024\/12\/Asset-43-2.png\" class=\"attachment-medium_large size-medium_large\" alt=\"\" srcset=\"https:\/\/mlankofacfxh.i.optimole.com\/cb:s9z3.7c7\/w:768\/h:349\/q:mauto\/ig:avif\/https:\/\/fitstep.rs\/wp-content\/uploads\/2024\/12\/Asset-43-2.png 768w, https:\/\/mlankofacfxh.i.optimole.com\/cb:s9z3.7c7\/w:300\/h:136\/q:mauto\/ig:avif\/https:\/\/fitstep.rs\/wp-content\/uploads\/2024\/12\/Asset-43-2.png 300w, https:\/\/mlankofacfxh.i.optimole.com\/cb:s9z3.7c7\/w:1024\/h:465\/q:mauto\/ig:avif\/https:\/\/fitstep.rs\/wp-content\/uploads\/2024\/12\/Asset-43-2.png 1024w, https:\/\/mlankofacfxh.i.optimole.com\/cb:s9z3.7c7\/w:1536\/h:698\/q:mauto\/ig:avif\/https:\/\/fitstep.rs\/wp-content\/uploads\/2024\/12\/Asset-43-2.png 1536w, https:\/\/mlankofacfxh.i.optimole.com\/cb:s9z3.7c7\/w:1627\/h:739\/q:mauto\/ig:avif\/https:\/\/fitstep.rs\/wp-content\/uploads\/2024\/12\/Asset-43-2.png 1627w\" sizes=\"(max-width: 768px) 100vw, 768px\" \/><\/a>\n\t\t\t<\/div><\/figure><figure class='gallery-item'>\n\t\t\t<div class='gallery-icon landscape'>\n\t\t\t\t<a data-elementor-open-lightbox=\"yes\" data-elementor-lightbox-slideshow=\"2adaa13\" data-elementor-lightbox-title=\"Asset 53\" data-e-action-hash=\"#elementor-action%3Aaction%3Dlightbox%26settings%3DeyJpZCI6MjQ2LCJ1cmwiOiJodHRwczpcL1wvZml0c3RlcC5yc1wvd3AtY29udGVudFwvdXBsb2Fkc1wvMjAyNFwvMTJcL0Fzc2V0LTUzLnBuZyIsInNsaWRlc2hvdyI6IjJhZGFhMTMifQ%3D%3D\" href='https:\/\/mlankofacfxh.i.optimole.com\/cb:s9z3.7c7\/w:auto\/h:auto\/q:mauto\/ig:avif\/https:\/\/fitstep.rs\/wp-content\/uploads\/2024\/12\/Asset-53.png'><img data-opt-id=1230309740  fetchpriority=\"high\" decoding=\"async\" width=\"768\" height=\"351\" src=\"https:\/\/mlankofacfxh.i.optimole.com\/cb:s9z3.7c7\/w:768\/h:351\/q:mauto\/ig:avif\/https:\/\/fitstep.rs\/wp-content\/uploads\/2024\/12\/Asset-53.png\" class=\"attachment-medium_large size-medium_large\" alt=\"\" srcset=\"https:\/\/mlankofacfxh.i.optimole.com\/cb:s9z3.7c7\/w:768\/h:351\/q:mauto\/ig:avif\/https:\/\/fitstep.rs\/wp-content\/uploads\/2024\/12\/Asset-53.png 768w, https:\/\/mlankofacfxh.i.optimole.com\/cb:s9z3.7c7\/w:300\/h:137\/q:mauto\/ig:avif\/https:\/\/fitstep.rs\/wp-content\/uploads\/2024\/12\/Asset-53.png 300w, https:\/\/mlankofacfxh.i.optimole.com\/cb:s9z3.7c7\/w:1024\/h:468\/q:mauto\/ig:avif\/https:\/\/fitstep.rs\/wp-content\/uploads\/2024\/12\/Asset-53.png 1024w, https:\/\/mlankofacfxh.i.optimole.com\/cb:s9z3.7c7\/w:1536\/h:702\/q:mauto\/ig:avif\/https:\/\/fitstep.rs\/wp-content\/uploads\/2024\/12\/Asset-53.png 1536w, https:\/\/mlankofacfxh.i.optimole.com\/cb:s9z3.7c7\/w:1591\/h:727\/q:mauto\/ig:avif\/https:\/\/fitstep.rs\/wp-content\/uploads\/2024\/12\/Asset-53.png 1591w\" sizes=\"(max-width: 768px) 100vw, 768px\" \/><\/a>\n\t\t\t<\/div><\/figure>\n\t\t<\/div>\n\t\t<\/div>\n\t\t\t\t\t\t<\/div>\n\t\t\t\t<\/div>\n\t\t\t\t\t<\/div>\n\t\t\t\t<\/div>\n\t\t<div class=\"elementor-element elementor-element-0c96591 e-con-full e-flex e-con e-parent\" data-id=\"0c96591\" data-element_type=\"container\" data-e-type=\"container\">\n\t\t<div class=\"elementor-element elementor-element-1bde9a9 e-con-full e-flex elementor-invisible e-con e-child\" data-id=\"1bde9a9\" data-element_type=\"container\" data-e-type=\"container\" data-settings=\"{&quot;background_background&quot;:&quot;classic&quot;,&quot;animation&quot;:&quot;fadeIn&quot;}\">\n\t\t<div class=\"elementor-element elementor-element-470edea e-con-full e-flex e-con e-child\" data-id=\"470edea\" data-element_type=\"container\" data-e-type=\"container\">\n\t\t\t\t<div class=\"elementor-element elementor-element-6830ae6 elementor-widget__width-inherit elementor-invisible elementor-widget elementor-widget-text-editor\" data-id=\"6830ae6\" data-element_type=\"widget\" data-e-type=\"widget\" data-settings=\"{&quot;_animation&quot;:&quot;fadeIn&quot;}\" data-widget_type=\"text-editor.default\">\n\t\t\t\t<div class=\"elementor-widget-container\">\n\t\t\t\t\t\t\t\t\t<p>Wide Range of Products<\/p>\t\t\t\t\t\t\t\t<\/div>\n\t\t\t\t<\/div>\n\t\t\t\t<div class=\"elementor-element elementor-element-b032733 elementor-widget__width-initial elementor-invisible elementor-widget elementor-widget-heading\" data-id=\"b032733\" data-element_type=\"widget\" data-e-type=\"widget\" data-settings=\"{&quot;_animation&quot;:&quot;fadeIn&quot;,&quot;_animation_delay&quot;:200}\" data-widget_type=\"heading.default\">\n\t\t\t\t<div class=\"elementor-widget-container\">\n\t\t\t\t\t<h2 class=\"elementor-heading-title elementor-size-default\">Interested in Fit Step Products?<\/h2>\t\t\t\t<\/div>\n\t\t\t\t<\/div>\n\t\t\t\t<div class=\"elementor-element elementor-element-2e0831e elementor-widget elementor-widget-text-editor\" data-id=\"2e0831e\" data-element_type=\"widget\" data-e-type=\"widget\" data-widget_type=\"text-editor.default\">\n\t\t\t\t<div class=\"elementor-widget-container\">\n\t\t\t\t\t\t\t\t\t<p>Our commitment to constant innovation is based on continuous research into new technologies and careful selection of top-quality materials. Our goal is to satisfy the needs of our users, while improving the preservation of the environment.<\/p>\t\t\t\t\t\t\t\t<\/div>\n\t\t\t\t<\/div>\n\t\t\t\t<\/div>\n\t\t<div class=\"elementor-element elementor-element-81fe2e3 e-con-full e-flex e-con e-child\" data-id=\"81fe2e3\" data-element_type=\"container\" data-e-type=\"container\">\n\t\t\t\t<div class=\"elementor-element elementor-element-e6782c9 elementor-invisible elementor-widget elementor-widget-button\" data-id=\"e6782c9\" data-element_type=\"widget\" data-e-type=\"widget\" data-settings=\"{&quot;_animation&quot;:&quot;fadeIn&quot;,&quot;_animation_delay&quot;:400}\" data-widget_type=\"button.default\">\n\t\t\t\t<div class=\"elementor-widget-container\">\n\t\t\t\t\t\t\t\t\t<div class=\"elementor-button-wrapper\">\n\t\t\t\t\t<a class=\"elementor-button elementor-button-link elementor-size-sm\" href=\"https:\/\/fitstep.rs\/wp-content\/uploads\/2024\/12\/bio-catalogue_fs.pdf\" target=\"_blank\">\n\t\t\t\t\t\t<span class=\"elementor-button-content-wrapper\">\n\t\t\t\t\t\t<span class=\"elementor-button-icon\">\n\t\t\t\t<i aria-hidden=\"true\" class=\"icon icon-right-arrow\"><\/i>\t\t\t<\/span>\n\t\t\t\t\t\t\t\t\t<span class=\"elementor-button-text\">Download Catalogue<\/span>\n\t\t\t\t\t<\/span>\n\t\t\t\t\t<\/a>\n\t\t\t\t<\/div>\n\t\t\t\t\t\t\t\t<\/div>\n\t\t\t\t<\/div>\n\t\t\t\t<\/div>\n\t\t\t\t<\/div>\n\t\t\t\t<\/div>\n\t\t\t\t<\/div>","protected":false},"excerpt":{"rendered":"<p>Fit Step potvrda kvaliteta Home About Fit Step Kvalitet U korak sa evropskim standardima U skladu s evropskim standardima i EU SUP direktivom, Fit Step je razvio i implementirao novu liniju proizvoda sa posebnim dizajnom, oblikom i dimenzijama. Ovi ekolo\u0161ki prihvatljivi proizvodi izra\u0111eni su od 100% prirodnih materijala i kao takvi obezbe\u0111uju ekolo\u0161ku odr\u017eivost bez [&hellip;]<\/p>","protected":false},"author":1,"featured_media":245,"parent":0,"menu_order":0,"comment_status":"closed","ping_status":"closed","template":"elementor_header_footer","meta":{"footnotes":""},"class_list":["post-11","page","type-page","status-publish","has-post-thumbnail","hentry"],"yoast_head":"<!-- This site is optimized with the Yoast SEO plugin v27.4 - https:\/\/yoast.com\/product\/yoast-seo-wordpress\/ -->\n<title>Fit Step potvrda kvaliteta | U korak sa evropskim standardima<\/title>\n<meta name=\"description\" content=\"Kompanija Fit Step proizvodi ekolo\u0161ki prihvatljive proizvode izra\u0111ene od 100% prirodnih materijala. Ekolo\u0161ka odr\u017eivost je na\u0161 prioritet.\" \/>\n<meta name=\"robots\" content=\"index, follow, max-snippet:-1, max-image-preview:large, max-video-preview:-1\" \/>\n<link rel=\"canonical\" href=\"https:\/\/fitstep.rs\/en\/quality-guarantee\/\" \/>\n<meta property=\"og:locale\" content=\"en_GB\" \/>\n<meta property=\"og:type\" content=\"article\" \/>\n<meta property=\"og:title\" content=\"Fit Step potvrda kvaliteta | U korak sa evropskim standardima\" \/>\n<meta property=\"og:description\" content=\"Kompanija Fit Step proizvodi ekolo\u0161ki prihvatljive proizvode izra\u0111ene od 100% prirodnih materijala. Ekolo\u0161ka odr\u017eivost je na\u0161 prioritet.\" \/>\n<meta property=\"og:url\" content=\"https:\/\/fitstep.rs\/en\/quality-guarantee\/\" \/>\n<meta property=\"og:site_name\" content=\"fitstep.rs\" \/>\n<meta property=\"article:modified_time\" content=\"2025-05-14T10:13:14+00:00\" \/>\n<meta property=\"og:image\" content=\"https:\/\/mlankofacfxh.i.optimole.com\/cb:s9z3.7c7\/w:auto\/h:auto\/q:mauto\/ig:avif\/https:\/\/fitstep.rs\/wp-content\/uploads\/2024\/12\/brainstorming-campaign-collaborate-6224-scaled.jpg\" \/>\n\t<meta property=\"og:image:width\" content=\"2560\" \/>\n\t<meta property=\"og:image:height\" content=\"1707\" \/>\n\t<meta property=\"og:image:type\" content=\"image\/jpeg\" \/>\n<meta name=\"twitter:card\" content=\"summary_large_image\" \/>\n<meta name=\"twitter:label1\" content=\"Estimated reading time\" \/>\n\t<meta name=\"twitter:data1\" content=\"2 minutes\" \/>\n<script type=\"application\/ld+json\" class=\"yoast-schema-graph\">{\"@context\":\"https:\\\/\\\/schema.org\",\"@graph\":[{\"@type\":\"WebPage\",\"@id\":\"https:\\\/\\\/fitstep.rs\\\/kvalitet\\\/\",\"url\":\"https:\\\/\\\/fitstep.rs\\\/kvalitet\\\/\",\"name\":\"Fit Step potvrda kvaliteta | U korak sa evropskim standardima\",\"isPartOf\":{\"@id\":\"https:\\\/\\\/fitstep.rs\\\/#website\"},\"primaryImageOfPage\":{\"@id\":\"https:\\\/\\\/fitstep.rs\\\/kvalitet\\\/#primaryimage\"},\"image\":{\"@id\":\"https:\\\/\\\/fitstep.rs\\\/kvalitet\\\/#primaryimage\"},\"thumbnailUrl\":\"https:\\/\\/fitstep.rs\\/wp-content\\/uploads\\/2024\\/12\\/brainstorming-campaign-collaborate-6224-scaled.jpg\",\"datePublished\":\"2024-11-27T13:04:24+00:00\",\"dateModified\":\"2025-05-14T10:13:14+00:00\",\"description\":\"Kompanija Fit Step proizvodi ekolo\u0161ki prihvatljive proizvode izra\u0111ene od 100% prirodnih materijala. Ekolo\u0161ka odr\u017eivost je na\u0161 prioritet.\",\"breadcrumb\":{\"@id\":\"https:\\\/\\\/fitstep.rs\\\/kvalitet\\\/#breadcrumb\"},\"inLanguage\":\"en-GB\",\"potentialAction\":[{\"@type\":\"ReadAction\",\"target\":[\"https:\\\/\\\/fitstep.rs\\\/kvalitet\\\/\"]}]},{\"@type\":\"ImageObject\",\"inLanguage\":\"en-GB\",\"@id\":\"https:\\\/\\\/fitstep.rs\\\/kvalitet\\\/#primaryimage\",\"url\":\"https:\\/\\/fitstep.rs\\/wp-content\\/uploads\\/2024\\/12\\/brainstorming-campaign-collaborate-6224-scaled.jpg\",\"contentUrl\":\"https:\\/\\/fitstep.rs\\/wp-content\\/uploads\\/2024\\/12\\/brainstorming-campaign-collaborate-6224-scaled.jpg\",\"width\":2560,\"height\":1707},{\"@type\":\"BreadcrumbList\",\"@id\":\"https:\\\/\\\/fitstep.rs\\\/kvalitet\\\/#breadcrumb\",\"itemListElement\":[{\"@type\":\"ListItem\",\"position\":1,\"name\":\"Home\",\"item\":\"https:\\\/\\\/fitstep.rs\\\/\"},{\"@type\":\"ListItem\",\"position\":2,\"name\":\"Kvalitet\"}]},{\"@type\":\"WebSite\",\"@id\":\"https:\\\/\\\/fitstep.rs\\\/#website\",\"url\":\"https:\\\/\\\/fitstep.rs\\\/\",\"name\":\"fitstep.rs\",\"description\":\"\",\"potentialAction\":[{\"@type\":\"SearchAction\",\"target\":{\"@type\":\"EntryPoint\",\"urlTemplate\":\"https:\\\/\\\/fitstep.rs\\\/?s={search_term_string}\"},\"query-input\":{\"@type\":\"PropertyValueSpecification\",\"valueRequired\":true,\"valueName\":\"search_term_string\"}}],\"inLanguage\":\"en-GB\"}]}<\/script>\n<!-- \/ Yoast SEO plugin. -->","yoast_head_json":{"title":"Fit Step Quality Assurance | In Line with European Standards","description":"The Fit Step company produces environmentally friendly products made from 100% natural materials. Environmental sustainability is our priority.","robots":{"index":"index","follow":"follow","max-snippet":"max-snippet:-1","max-image-preview":"max-image-preview:large","max-video-preview":"max-video-preview:-1"},"canonical":"https:\/\/fitstep.rs\/en\/quality-guarantee\/","og_locale":"en_GB","og_type":"article","og_title":"Fit Step potvrda kvaliteta | U korak sa evropskim standardima","og_description":"Kompanija Fit Step proizvodi ekolo\u0161ki prihvatljive proizvode izra\u0111ene od 100% prirodnih materijala. Ekolo\u0161ka odr\u017eivost je na\u0161 prioritet.","og_url":"https:\/\/fitstep.rs\/en\/quality-guarantee\/","og_site_name":"fitstep.rs","article_modified_time":"2025-05-14T10:13:14+00:00","og_image":[{"width":2560,"height":1707,"url":"https:\/\/mlankofacfxh.i.optimole.com\/cb:s9z3.7c7\/w:auto\/h:auto\/q:mauto\/ig:avif\/https:\/\/fitstep.rs\/wp-content\/uploads\/2024\/12\/brainstorming-campaign-collaborate-6224-scaled.jpg","type":"image\/jpeg"}],"twitter_card":"summary_large_image","twitter_misc":{"Estimated reading time":"2 minutes"},"schema":{"@context":"https:\/\/schema.org","@graph":[{"@type":"WebPage","@id":"https:\/\/fitstep.rs\/kvalitet\/","url":"https:\/\/fitstep.rs\/kvalitet\/","name":"Fit Step Quality Assurance | In Line with European Standards","isPartOf":{"@id":"https:\/\/fitstep.rs\/#website"},"primaryImageOfPage":{"@id":"https:\/\/fitstep.rs\/kvalitet\/#primaryimage"},"image":{"@id":"https:\/\/fitstep.rs\/kvalitet\/#primaryimage"},"thumbnailUrl":"https:\/\/mlankofacfxh.i.optimole.com\/cb:s9z3.7c7\/w:auto\/h:auto\/q:mauto\/ig:avif\/https:\/\/fitstep.rs\/wp-content\/uploads\/2024\/12\/brainstorming-campaign-collaborate-6224-scaled.jpg","datePublished":"2024-11-27T13:04:24+00:00","dateModified":"2025-05-14T10:13:14+00:00","description":"The Fit Step company produces environmentally friendly products made from 100% natural materials. Environmental sustainability is our priority.","breadcrumb":{"@id":"https:\/\/fitstep.rs\/kvalitet\/#breadcrumb"},"inLanguage":"en-GB","potentialAction":[{"@type":"ReadAction","target":["https:\/\/fitstep.rs\/kvalitet\/"]}]},{"@type":"ImageObject","inLanguage":"en-GB","@id":"https:\/\/fitstep.rs\/kvalitet\/#primaryimage","url":"https:\/\/mlankofacfxh.i.optimole.com\/cb:s9z3.7c7\/w:auto\/h:auto\/q:mauto\/ig:avif\/https:\/\/fitstep.rs\/wp-content\/uploads\/2024\/12\/brainstorming-campaign-collaborate-6224-scaled.jpg","contentUrl":"https:\/\/mlankofacfxh.i.optimole.com\/cb:s9z3.7c7\/w:auto\/h:auto\/q:mauto\/ig:avif\/https:\/\/fitstep.rs\/wp-content\/uploads\/2024\/12\/brainstorming-campaign-collaborate-6224-scaled.jpg","width":2560,"height":1707},{"@type":"BreadcrumbList","@id":"https:\/\/fitstep.rs\/kvalitet\/#breadcrumb","itemListElement":[{"@type":"ListItem","position":1,"name":"Home","item":"https:\/\/fitstep.rs\/"},{"@type":"ListItem","position":2,"name":"Kvalitet"}]},{"@type":"WebSite","@id":"https:\/\/fitstep.rs\/#website","url":"https:\/\/fitstep.rs\/","name":"fitstep.rs","description":"","potentialAction":[{"@type":"SearchAction","target":{"@type":"EntryPoint","urlTemplate":"https:\/\/fitstep.rs\/?s={search_term_string}"},"query-input":{"@type":"PropertyValueSpecification","valueRequired":true,"valueName":"search_term_string"}}],"inLanguage":"en-GB"}]}},"_links":{"self":[{"href":"https:\/\/fitstep.rs\/en\/wp-json\/wp\/v2\/pages\/11","targetHints":{"allow":["GET"]}}],"collection":[{"href":"https:\/\/fitstep.rs\/en\/wp-json\/wp\/v2\/pages"}],"about":[{"href":"https:\/\/fitstep.rs\/en\/wp-json\/wp\/v2\/types\/page"}],"author":[{"embeddable":true,"href":"https:\/\/fitstep.rs\/en\/wp-json\/wp\/v2\/users\/1"}],"replies":[{"embeddable":true,"href":"https:\/\/fitstep.rs\/en\/wp-json\/wp\/v2\/comments?post=11"}],"version-history":[{"count":20,"href":"https:\/\/fitstep.rs\/en\/wp-json\/wp\/v2\/pages\/11\/revisions"}],"predecessor-version":[{"id":809,"href":"https:\/\/fitstep.rs\/en\/wp-json\/wp\/v2\/pages\/11\/revisions\/809"}],"wp:featuredmedia":[{"embeddable":true,"href":"https:\/\/fitstep.rs\/en\/wp-json\/wp\/v2\/media\/245"}],"wp:attachment":[{"href":"https:\/\/fitstep.rs\/en\/wp-json\/wp\/v2\/media?parent=11"}],"curies":[{"name":"wp","href":"https:\/\/api.w.org\/{rel}","templated":true}]}}