{"id":348,"date":"2024-12-04T14:44:21","date_gmt":"2024-12-04T14:44:21","guid":{"rendered":"https:\/\/fitstep.rs\/?page_id=348"},"modified":"2025-05-14T10:18:54","modified_gmt":"2025-05-14T10:18:54","slug":"plates","status":"publish","type":"page","link":"https:\/\/fitstep.rs\/en\/product-offer\/plates\/","title":{"rendered":"Plates"},"content":{"rendered":"<div data-elementor-type=\"wp-page\" data-elementor-id=\"348\" class=\"elementor elementor-348\">\n\t\t\t\t<div class=\"elementor-element elementor-element-55bf2c7e e-con-full e-flex e-con e-parent\" data-id=\"55bf2c7e\" data-element_type=\"container\" data-e-type=\"container\" data-settings=\"{&quot;background_background&quot;:&quot;classic&quot;}\">\n\t\t\t\t<div class=\"elementor-element elementor-element-638aad41 elementor-widget__width-inherit elementor-invisible elementor-widget elementor-widget-heading\" data-id=\"638aad41\" data-element_type=\"widget\" data-e-type=\"widget\" data-settings=\"{&quot;_animation&quot;:&quot;fadeIn&quot;}\" data-widget_type=\"heading.default\">\n\t\t\t\t<div class=\"elementor-widget-container\">\n\t\t\t\t\t<h2 class=\"elementor-heading-title elementor-size-default\">Fit Step Paper Plates<\/h2>\t\t\t\t<\/div>\n\t\t\t\t<\/div>\n\t\t\t\t<\/div>\n\t\t<div class=\"elementor-element elementor-element-5d4dc1b2 e-flex e-con-boxed e-con e-parent\" data-id=\"5d4dc1b2\" data-element_type=\"container\" data-e-type=\"container\">\n\t\t\t\t\t<div class=\"e-con-inner\">\n\t\t\t\t<div class=\"elementor-element elementor-element-1e87930b elementor-widget__width-inherit elementor-invisible elementor-widget elementor-widget-text-editor\" data-id=\"1e87930b\" data-element_type=\"widget\" data-e-type=\"widget\" data-settings=\"{&quot;_animation&quot;:&quot;fadeIn&quot;}\" data-widget_type=\"text-editor.default\">\n\t\t\t\t<div class=\"elementor-widget-container\">\n\t\t\t\t\t\t\t\t\t<p>Plate Types<\/p>\t\t\t\t\t\t\t\t<\/div>\n\t\t\t\t<\/div>\n\t\t\t\t<div class=\"elementor-element elementor-element-15d8762c elementor-widget__width-initial elementor-invisible elementor-widget elementor-widget-heading\" data-id=\"15d8762c\" data-element_type=\"widget\" data-e-type=\"widget\" data-settings=\"{&quot;_animation&quot;:&quot;fadeIn&quot;,&quot;_animation_delay&quot;:200}\" data-widget_type=\"heading.default\">\n\t\t\t\t<div class=\"elementor-widget-container\">\n\t\t\t\t\t<h2 class=\"elementor-heading-title elementor-size-default\">Fit Step Offers 4 Main Paper Plate Categories<\/h2>\t\t\t\t<\/div>\n\t\t\t\t<\/div>\n\t\t<div class=\"elementor-element elementor-element-52343c18 e-grid e-con-full e-con e-child\" data-id=\"52343c18\" data-element_type=\"container\" data-e-type=\"container\">\n\t\t<div class=\"elementor-element elementor-element-1bf1780b e-con-full e-flex elementor-invisible e-con e-child\" data-id=\"1bf1780b\" data-element_type=\"container\" data-e-type=\"container\" data-settings=\"{&quot;animation&quot;:&quot;fadeIn&quot;,&quot;animation_delay&quot;:400}\">\n\t\t\t\t<div class=\"elementor-element elementor-element-53fd99df elementor-widget elementor-widget-text-editor\" data-id=\"53fd99df\" data-element_type=\"widget\" data-e-type=\"widget\" data-widget_type=\"text-editor.default\">\n\t\t\t\t<div class=\"elementor-widget-container\">\n\t\t\t\t\t\t\t\t\t<p>01<\/p>\t\t\t\t\t\t\t\t<\/div>\n\t\t\t\t<\/div>\n\t\t\t\t<div class=\"elementor-element elementor-element-67439d52 elementor-widget elementor-widget-text-editor\" data-id=\"67439d52\" data-element_type=\"widget\" data-e-type=\"widget\" data-widget_type=\"text-editor.default\">\n\t\t\t\t<div class=\"elementor-widget-container\">\n\t\t\t\t\t\t\t\t\t<p>Round Plates<\/p>\t\t\t\t\t\t\t\t<\/div>\n\t\t\t\t<\/div>\n\t\t\t\t<div class=\"elementor-element elementor-element-1bc01e5e elementor-widget elementor-widget-text-editor\" data-id=\"1bc01e5e\" data-element_type=\"widget\" data-e-type=\"widget\" data-widget_type=\"text-editor.default\">\n\t\t\t\t<div class=\"elementor-widget-container\">\n\t\t\t\t\t\t\t\t\t<p>We offer white and printed round plates of different sizes.<\/p><p>Fit Step cardboard plates are printed with water colors and protected with water dispersive varnish. 100% plastic free.<\/p>\t\t\t\t\t\t\t\t<\/div>\n\t\t\t\t<\/div>\n\t\t\t\t<div class=\"elementor-element elementor-element-57caf3cf elementor-align-left elementor-mobile-align-left elementor-widget elementor-widget-button\" data-id=\"57caf3cf\" data-element_type=\"widget\" data-e-type=\"widget\" data-widget_type=\"button.default\">\n\t\t\t\t<div class=\"elementor-widget-container\">\n\t\t\t\t\t\t\t\t\t<div class=\"elementor-button-wrapper\">\n\t\t\t\t\t<a class=\"elementor-button elementor-button-link elementor-size-sm\" href=\"https:\/\/fitstep.rs\/en\/product-offer\/plates\/round\/\">\n\t\t\t\t\t\t<span class=\"elementor-button-content-wrapper\">\n\t\t\t\t\t\t\t\t\t<span class=\"elementor-button-text\">Assortment<\/span>\n\t\t\t\t\t<\/span>\n\t\t\t\t\t<\/a>\n\t\t\t\t<\/div>\n\t\t\t\t\t\t\t\t<\/div>\n\t\t\t\t<\/div>\n\t\t\t\t<\/div>\n\t\t<div class=\"elementor-element elementor-element-138e5ab1 e-con-full e-flex elementor-invisible e-con e-child\" data-id=\"138e5ab1\" data-element_type=\"container\" data-e-type=\"container\" data-settings=\"{&quot;animation&quot;:&quot;fadeIn&quot;,&quot;animation_delay&quot;:500}\">\n\t\t\t\t<div class=\"elementor-element elementor-element-754ef5bc elementor-widget elementor-widget-text-editor\" data-id=\"754ef5bc\" data-element_type=\"widget\" data-e-type=\"widget\" data-widget_type=\"text-editor.default\">\n\t\t\t\t<div class=\"elementor-widget-container\">\n\t\t\t\t\t\t\t\t\t<p>02<\/p>\t\t\t\t\t\t\t\t<\/div>\n\t\t\t\t<\/div>\n\t\t\t\t<div class=\"elementor-element elementor-element-4c9df94b elementor-widget elementor-widget-text-editor\" data-id=\"4c9df94b\" data-element_type=\"widget\" data-e-type=\"widget\" data-widget_type=\"text-editor.default\">\n\t\t\t\t<div class=\"elementor-widget-container\">\n\t\t\t\t\t\t\t\t\t<p>Square Plates<\/p>\t\t\t\t\t\t\t\t<\/div>\n\t\t\t\t<\/div>\n\t\t\t\t<div class=\"elementor-element elementor-element-43fb985d elementor-widget elementor-widget-text-editor\" data-id=\"43fb985d\" data-element_type=\"widget\" data-e-type=\"widget\" data-widget_type=\"text-editor.default\">\n\t\t\t\t<div class=\"elementor-widget-container\">\n\t\t\t\t\t\t\t\t\t<p>This category consists of trays and plates made of recycled materials or pure cellulose. We offer white and printed square plates of different sizes, and packages with a smaller or larger number of pieces are possible.\u00a0<\/p>\t\t\t\t\t\t\t\t<\/div>\n\t\t\t\t<\/div>\n\t\t\t\t<div class=\"elementor-element elementor-element-4aa33fa5 elementor-align-left elementor-mobile-align-left elementor-widget elementor-widget-button\" data-id=\"4aa33fa5\" data-element_type=\"widget\" data-e-type=\"widget\" data-widget_type=\"button.default\">\n\t\t\t\t<div class=\"elementor-widget-container\">\n\t\t\t\t\t\t\t\t\t<div class=\"elementor-button-wrapper\">\n\t\t\t\t\t<a class=\"elementor-button elementor-button-link elementor-size-sm\" href=\"https:\/\/fitstep.rs\/en\/product-offer\/plates\/square\/\">\n\t\t\t\t\t\t<span class=\"elementor-button-content-wrapper\">\n\t\t\t\t\t\t\t\t\t<span class=\"elementor-button-text\">Assortment<\/span>\n\t\t\t\t\t<\/span>\n\t\t\t\t\t<\/a>\n\t\t\t\t<\/div>\n\t\t\t\t\t\t\t\t<\/div>\n\t\t\t\t<\/div>\n\t\t\t\t<\/div>\n\t\t<div class=\"elementor-element elementor-element-47888c43 e-con-full e-flex elementor-invisible e-con e-child\" data-id=\"47888c43\" data-element_type=\"container\" data-e-type=\"container\" data-settings=\"{&quot;animation&quot;:&quot;fadeIn&quot;,&quot;animation_delay&quot;:600}\">\n\t\t\t\t<div class=\"elementor-element elementor-element-324f7cb1 elementor-widget elementor-widget-text-editor\" data-id=\"324f7cb1\" data-element_type=\"widget\" data-e-type=\"widget\" data-widget_type=\"text-editor.default\">\n\t\t\t\t<div class=\"elementor-widget-container\">\n\t\t\t\t\t\t\t\t\t<p>03<\/p>\t\t\t\t\t\t\t\t<\/div>\n\t\t\t\t<\/div>\n\t\t\t\t<div class=\"elementor-element elementor-element-20b177f0 elementor-widget elementor-widget-text-editor\" data-id=\"20b177f0\" data-element_type=\"widget\" data-e-type=\"widget\" data-widget_type=\"text-editor.default\">\n\t\t\t\t<div class=\"elementor-widget-container\">\n\t\t\t\t\t\t\t\t\t<p>Bowls<\/p>\t\t\t\t\t\t\t\t<\/div>\n\t\t\t\t<\/div>\n\t\t\t\t<div class=\"elementor-element elementor-element-6f64b27 elementor-widget elementor-widget-text-editor\" data-id=\"6f64b27\" data-element_type=\"widget\" data-e-type=\"widget\" data-widget_type=\"text-editor.default\">\n\t\t\t\t<div class=\"elementor-widget-container\">\n\t\t\t\t\t\t\t\t\t<p>Fit Step paper bowls are available in two shapes - round and pizza shape. Round bowls come in white or printed. Pizza bowls are made from pure cellulose or recycled material.\u00a0\u00a0<\/p>\t\t\t\t\t\t\t\t<\/div>\n\t\t\t\t<\/div>\n\t\t\t\t<div class=\"elementor-element elementor-element-43da528b elementor-align-left elementor-mobile-align-left elementor-widget elementor-widget-button\" data-id=\"43da528b\" data-element_type=\"widget\" data-e-type=\"widget\" data-widget_type=\"button.default\">\n\t\t\t\t<div class=\"elementor-widget-container\">\n\t\t\t\t\t\t\t\t\t<div class=\"elementor-button-wrapper\">\n\t\t\t\t\t<a class=\"elementor-button elementor-button-link elementor-size-sm\" href=\"https:\/\/fitstep.rs\/en\/product-offer\/plates\/bowls\/\">\n\t\t\t\t\t\t<span class=\"elementor-button-content-wrapper\">\n\t\t\t\t\t\t\t\t\t<span class=\"elementor-button-text\">Assortment<\/span>\n\t\t\t\t\t<\/span>\n\t\t\t\t\t<\/a>\n\t\t\t\t<\/div>\n\t\t\t\t\t\t\t\t<\/div>\n\t\t\t\t<\/div>\n\t\t\t\t<\/div>\n\t\t<div class=\"elementor-element elementor-element-53f4a62a e-con-full e-flex elementor-invisible e-con e-child\" data-id=\"53f4a62a\" data-element_type=\"container\" data-e-type=\"container\" data-settings=\"{&quot;animation&quot;:&quot;fadeIn&quot;,&quot;animation_delay&quot;:500}\">\n\t\t\t\t<div class=\"elementor-element elementor-element-11c45ea3 elementor-widget elementor-widget-text-editor\" data-id=\"11c45ea3\" data-element_type=\"widget\" data-e-type=\"widget\" data-widget_type=\"text-editor.default\">\n\t\t\t\t<div class=\"elementor-widget-container\">\n\t\t\t\t\t\t\t\t\t<p>04<\/p>\t\t\t\t\t\t\t\t<\/div>\n\t\t\t\t<\/div>\n\t\t\t\t<div class=\"elementor-element elementor-element-9f91aad elementor-widget elementor-widget-text-editor\" data-id=\"9f91aad\" data-element_type=\"widget\" data-e-type=\"widget\" data-widget_type=\"text-editor.default\">\n\t\t\t\t<div class=\"elementor-widget-container\">\n\t\t\t\t\t\t\t\t\t<p>Special Shapes<\/p>\t\t\t\t\t\t\t\t<\/div>\n\t\t\t\t<\/div>\n\t\t\t\t<div class=\"elementor-element elementor-element-770f2bad elementor-widget elementor-widget-text-editor\" data-id=\"770f2bad\" data-element_type=\"widget\" data-e-type=\"widget\" data-widget_type=\"text-editor.default\">\n\t\t\t\t<div class=\"elementor-widget-container\">\n\t\t\t\t\t\t\t\t\t<p>Fit Step special shape plates are an extremely popular product within our party program. We offer a total of nine different shapes, of which the reindeer, star, or New Year's tree shapes stand out.\u00a0<\/p>\t\t\t\t\t\t\t\t<\/div>\n\t\t\t\t<\/div>\n\t\t\t\t<div class=\"elementor-element elementor-element-37463665 elementor-align-left elementor-mobile-align-left elementor-widget elementor-widget-button\" data-id=\"37463665\" data-element_type=\"widget\" data-e-type=\"widget\" data-widget_type=\"button.default\">\n\t\t\t\t<div class=\"elementor-widget-container\">\n\t\t\t\t\t\t\t\t\t<div class=\"elementor-button-wrapper\">\n\t\t\t\t\t<a class=\"elementor-button elementor-button-link elementor-size-sm\" href=\"https:\/\/fitstep.rs\/en\/product-offer\/plates\/shapes\/\">\n\t\t\t\t\t\t<span class=\"elementor-button-content-wrapper\">\n\t\t\t\t\t\t\t\t\t<span class=\"elementor-button-text\">Assortment <\/span>\n\t\t\t\t\t<\/span>\n\t\t\t\t\t<\/a>\n\t\t\t\t<\/div>\n\t\t\t\t\t\t\t\t<\/div>\n\t\t\t\t<\/div>\n\t\t\t\t<\/div>\n\t\t\t\t<\/div>\n\t\t\t\t\t<\/div>\n\t\t\t\t<\/div>\n\t\t<div class=\"elementor-element elementor-element-8fa21ba e-con-full e-flex e-con e-parent\" data-id=\"8fa21ba\" data-element_type=\"container\" data-e-type=\"container\">\n\t\t<div class=\"elementor-element elementor-element-a37a7fe e-con-full e-flex elementor-invisible e-con e-child\" data-id=\"a37a7fe\" data-element_type=\"container\" data-e-type=\"container\" data-settings=\"{&quot;background_background&quot;:&quot;classic&quot;,&quot;animation&quot;:&quot;fadeIn&quot;}\">\n\t\t<div class=\"elementor-element elementor-element-db5c9de e-con-full e-flex e-con e-child\" data-id=\"db5c9de\" data-element_type=\"container\" data-e-type=\"container\">\n\t\t\t\t<div class=\"elementor-element elementor-element-337a2c9 elementor-widget__width-inherit elementor-invisible elementor-widget elementor-widget-text-editor\" data-id=\"337a2c9\" data-element_type=\"widget\" data-e-type=\"widget\" data-settings=\"{&quot;_animation&quot;:&quot;fadeIn&quot;}\" data-widget_type=\"text-editor.default\">\n\t\t\t\t<div class=\"elementor-widget-container\">\n\t\t\t\t\t\t\t\t\t<p>Wide Range of Products<\/p>\t\t\t\t\t\t\t\t<\/div>\n\t\t\t\t<\/div>\n\t\t\t\t<div class=\"elementor-element elementor-element-fe0b442 elementor-widget__width-initial elementor-invisible elementor-widget elementor-widget-heading\" data-id=\"fe0b442\" data-element_type=\"widget\" data-e-type=\"widget\" data-settings=\"{&quot;_animation&quot;:&quot;fadeIn&quot;,&quot;_animation_delay&quot;:200}\" data-widget_type=\"heading.default\">\n\t\t\t\t<div class=\"elementor-widget-container\">\n\t\t\t\t\t<h2 class=\"elementor-heading-title elementor-size-default\">Interested in Fit Step Products?<\/h2>\t\t\t\t<\/div>\n\t\t\t\t<\/div>\n\t\t\t\t<div class=\"elementor-element elementor-element-d73c9a3 elementor-widget elementor-widget-text-editor\" data-id=\"d73c9a3\" data-element_type=\"widget\" data-e-type=\"widget\" data-widget_type=\"text-editor.default\">\n\t\t\t\t<div class=\"elementor-widget-container\">\n\t\t\t\t\t\t\t\t\t<p>Our commitment to constant innovation is based on continuous research into new technologies and careful selection of top-quality materials. Our goal is to satisfy the needs of our users, while improving the preservation of the environment.<\/p>\t\t\t\t\t\t\t\t<\/div>\n\t\t\t\t<\/div>\n\t\t\t\t<\/div>\n\t\t<div class=\"elementor-element elementor-element-add4210 e-con-full e-flex e-con e-child\" data-id=\"add4210\" data-element_type=\"container\" data-e-type=\"container\">\n\t\t\t\t<div class=\"elementor-element elementor-element-cd31a56 elementor-invisible elementor-widget elementor-widget-button\" data-id=\"cd31a56\" data-element_type=\"widget\" data-e-type=\"widget\" data-settings=\"{&quot;_animation&quot;:&quot;fadeIn&quot;,&quot;_animation_delay&quot;:400}\" data-widget_type=\"button.default\">\n\t\t\t\t<div class=\"elementor-widget-container\">\n\t\t\t\t\t\t\t\t\t<div class=\"elementor-button-wrapper\">\n\t\t\t\t\t<a class=\"elementor-button elementor-button-link elementor-size-sm\" href=\"https:\/\/fitstep.rs\/wp-content\/uploads\/2024\/12\/bio-catalogue_fs.pdf\" target=\"_blank\">\n\t\t\t\t\t\t<span class=\"elementor-button-content-wrapper\">\n\t\t\t\t\t\t<span class=\"elementor-button-icon\">\n\t\t\t\t<i aria-hidden=\"true\" class=\"icon icon-right-arrow\"><\/i>\t\t\t<\/span>\n\t\t\t\t\t\t\t\t\t<span class=\"elementor-button-text\">Download Catalogue<\/span>\n\t\t\t\t\t<\/span>\n\t\t\t\t\t<\/a>\n\t\t\t\t<\/div>\n\t\t\t\t\t\t\t\t<\/div>\n\t\t\t\t<\/div>\n\t\t\t\t<\/div>\n\t\t\t\t<\/div>\n\t\t\t\t<\/div>\n\t\t<div class=\"elementor-element elementor-element-53a3545 e-flex e-con-boxed e-con e-parent\" data-id=\"53a3545\" data-element_type=\"container\" data-e-type=\"container\">\n\t\t\t\t\t<div class=\"e-con-inner\">\n\t\t\t\t<div class=\"elementor-element elementor-element-c015388 elementor-widget elementor-widget-spacer\" data-id=\"c015388\" data-element_type=\"widget\" data-e-type=\"widget\" data-widget_type=\"spacer.default\">\n\t\t\t\t<div class=\"elementor-widget-container\">\n\t\t\t\t\t\t\t<div class=\"elementor-spacer\">\n\t\t\t<div class=\"elementor-spacer-inner\"><\/div>\n\t\t<\/div>\n\t\t\t\t\t\t<\/div>\n\t\t\t\t<\/div>\n\t\t\t\t\t<\/div>\n\t\t\t\t<\/div>\n\t\t\t\t<\/div>","protected":false},"excerpt":{"rendered":"<p>Fit Step kartonski tanjiri Vrste tanjira Fit Step nudi 4 osnovne vrste kartonskih tanjira 01 Okrugli tanjiri U ponudi su beli i \u0161tampani okrugli tanjiri razli\u010ditih dimenzija. Fit Step kartonski tanjiri su \u0161tampani vodenim bojama i za\u0161ti\u0107eni vododisperzivnim lakom. 100% bez plastike. Asortiman 02 \u010cetvrtasti tanjiri Ovu kategoriju \u010dine tacne i tanjiri od recikliranih materijala [&hellip;]<\/p>","protected":false},"author":1,"featured_media":234,"parent":7,"menu_order":0,"comment_status":"closed","ping_status":"closed","template":"elementor_header_footer","meta":{"footnotes":""},"class_list":["post-348","page","type-page","status-publish","has-post-thumbnail","hentry"],"yoast_head":"<!-- This site is optimized with the Yoast SEO plugin v27.4 - https:\/\/yoast.com\/product\/yoast-seo-wordpress\/ -->\n<title>Kartonski tanjiri | Okrugli, \u010detvrtasti, posude, specijalni oblici<\/title>\n<meta name=\"description\" content=\"Fit Step kartonski tanjiri dolaze u 4 osnovna oblika. U pitanju su beli i \u0161tampani tanjiri od recikliranih materijala i \u010diste celuloze.\" \/>\n<meta name=\"robots\" content=\"index, follow, max-snippet:-1, max-image-preview:large, max-video-preview:-1\" \/>\n<link rel=\"canonical\" href=\"https:\/\/fitstep.rs\/en\/product-offer\/plates\/\" \/>\n<meta property=\"og:locale\" content=\"en_GB\" \/>\n<meta property=\"og:type\" content=\"article\" \/>\n<meta property=\"og:title\" content=\"Kartonski tanjiri | Okrugli, \u010detvrtasti, posude, specijalni oblici\" \/>\n<meta property=\"og:description\" content=\"Fit Step kartonski tanjiri dolaze u 4 osnovna oblika. U pitanju su beli i \u0161tampani tanjiri od recikliranih materijala i \u010diste celuloze.\" \/>\n<meta property=\"og:url\" content=\"https:\/\/fitstep.rs\/en\/product-offer\/plates\/\" \/>\n<meta property=\"og:site_name\" content=\"fitstep.rs\" \/>\n<meta property=\"article:modified_time\" content=\"2025-05-14T10:18:54+00:00\" \/>\n<meta property=\"og:image\" content=\"https:\/\/mlankofacfxh.i.optimole.com\/cb:s9z3.7c7\/w:auto\/h:auto\/q:mauto\/ig:avif\/https:\/\/fitstep.rs\/wp-content\/uploads\/2024\/12\/shutterstock_1730276365-scaled.jpg\" \/>\n\t<meta property=\"og:image:width\" content=\"2560\" \/>\n\t<meta property=\"og:image:height\" content=\"1706\" \/>\n\t<meta property=\"og:image:type\" content=\"image\/jpeg\" \/>\n<meta name=\"twitter:card\" content=\"summary_large_image\" \/>\n<meta name=\"twitter:label1\" content=\"Estimated reading time\" \/>\n\t<meta name=\"twitter:data1\" content=\"1 minute\" \/>\n<script type=\"application\/ld+json\" class=\"yoast-schema-graph\">{\"@context\":\"https:\\\/\\\/schema.org\",\"@graph\":[{\"@type\":\"WebPage\",\"@id\":\"https:\\\/\\\/fitstep.rs\\\/proizvodi\\\/tanjiri\\\/\",\"url\":\"https:\\\/\\\/fitstep.rs\\\/proizvodi\\\/tanjiri\\\/\",\"name\":\"Kartonski tanjiri | Okrugli, \u010detvrtasti, posude, specijalni oblici\",\"isPartOf\":{\"@id\":\"https:\\\/\\\/fitstep.rs\\\/#website\"},\"primaryImageOfPage\":{\"@id\":\"https:\\\/\\\/fitstep.rs\\\/proizvodi\\\/tanjiri\\\/#primaryimage\"},\"image\":{\"@id\":\"https:\\\/\\\/fitstep.rs\\\/proizvodi\\\/tanjiri\\\/#primaryimage\"},\"thumbnailUrl\":\"https:\\/\\/fitstep.rs\\/wp-content\\/uploads\\/2024\\/12\\/shutterstock_1730276365-scaled.jpg\",\"datePublished\":\"2024-12-04T14:44:21+00:00\",\"dateModified\":\"2025-05-14T10:18:54+00:00\",\"description\":\"Fit Step kartonski tanjiri dolaze u 4 osnovna oblika. U pitanju su beli i \u0161tampani tanjiri od recikliranih materijala i \u010diste celuloze.\",\"breadcrumb\":{\"@id\":\"https:\\\/\\\/fitstep.rs\\\/proizvodi\\\/tanjiri\\\/#breadcrumb\"},\"inLanguage\":\"en-GB\",\"potentialAction\":[{\"@type\":\"ReadAction\",\"target\":[\"https:\\\/\\\/fitstep.rs\\\/proizvodi\\\/tanjiri\\\/\"]}]},{\"@type\":\"ImageObject\",\"inLanguage\":\"en-GB\",\"@id\":\"https:\\\/\\\/fitstep.rs\\\/proizvodi\\\/tanjiri\\\/#primaryimage\",\"url\":\"https:\\/\\/fitstep.rs\\/wp-content\\/uploads\\/2024\\/12\\/shutterstock_1730276365-scaled.jpg\",\"contentUrl\":\"https:\\/\\/fitstep.rs\\/wp-content\\/uploads\\/2024\\/12\\/shutterstock_1730276365-scaled.jpg\",\"width\":2560,\"height\":1706},{\"@type\":\"BreadcrumbList\",\"@id\":\"https:\\\/\\\/fitstep.rs\\\/proizvodi\\\/tanjiri\\\/#breadcrumb\",\"itemListElement\":[{\"@type\":\"ListItem\",\"position\":1,\"name\":\"Home\",\"item\":\"https:\\\/\\\/fitstep.rs\\\/\"},{\"@type\":\"ListItem\",\"position\":2,\"name\":\"Proizvodi\",\"item\":\"https:\\\/\\\/fitstep.rs\\\/proizvodi\\\/\"},{\"@type\":\"ListItem\",\"position\":3,\"name\":\"Tanjiri\"}]},{\"@type\":\"WebSite\",\"@id\":\"https:\\\/\\\/fitstep.rs\\\/#website\",\"url\":\"https:\\\/\\\/fitstep.rs\\\/\",\"name\":\"fitstep.rs\",\"description\":\"\",\"potentialAction\":[{\"@type\":\"SearchAction\",\"target\":{\"@type\":\"EntryPoint\",\"urlTemplate\":\"https:\\\/\\\/fitstep.rs\\\/?s={search_term_string}\"},\"query-input\":{\"@type\":\"PropertyValueSpecification\",\"valueRequired\":true,\"valueName\":\"search_term_string\"}}],\"inLanguage\":\"en-GB\"}]}<\/script>\n<!-- \/ Yoast SEO plugin. -->","yoast_head_json":{"title":"Paper &amp; Cardboard Plates | Round, Square, Bowls, Special Shapes","description":"Fit Step cardboard plates come in 4 basic shapes. These are white and printed plates made of recycled materials and pure cellulose.","robots":{"index":"index","follow":"follow","max-snippet":"max-snippet:-1","max-image-preview":"max-image-preview:large","max-video-preview":"max-video-preview:-1"},"canonical":"https:\/\/fitstep.rs\/en\/product-offer\/plates\/","og_locale":"en_GB","og_type":"article","og_title":"Kartonski tanjiri | Okrugli, \u010detvrtasti, posude, specijalni oblici","og_description":"Fit Step kartonski tanjiri dolaze u 4 osnovna oblika. U pitanju su beli i \u0161tampani tanjiri od recikliranih materijala i \u010diste celuloze.","og_url":"https:\/\/fitstep.rs\/en\/product-offer\/plates\/","og_site_name":"fitstep.rs","article_modified_time":"2025-05-14T10:18:54+00:00","og_image":[{"width":2560,"height":1706,"url":"https:\/\/mlankofacfxh.i.optimole.com\/cb:s9z3.7c7\/w:auto\/h:auto\/q:mauto\/ig:avif\/https:\/\/fitstep.rs\/wp-content\/uploads\/2024\/12\/shutterstock_1730276365-scaled.jpg","type":"image\/jpeg"}],"twitter_card":"summary_large_image","twitter_misc":{"Estimated reading time":"1 minute"},"schema":{"@context":"https:\/\/schema.org","@graph":[{"@type":"WebPage","@id":"https:\/\/fitstep.rs\/proizvodi\/tanjiri\/","url":"https:\/\/fitstep.rs\/proizvodi\/tanjiri\/","name":"Paper &amp; Cardboard Plates | Round, Square, Bowls, Special Shapes","isPartOf":{"@id":"https:\/\/fitstep.rs\/#website"},"primaryImageOfPage":{"@id":"https:\/\/fitstep.rs\/proizvodi\/tanjiri\/#primaryimage"},"image":{"@id":"https:\/\/fitstep.rs\/proizvodi\/tanjiri\/#primaryimage"},"thumbnailUrl":"https:\/\/mlankofacfxh.i.optimole.com\/cb:s9z3.7c7\/w:auto\/h:auto\/q:mauto\/ig:avif\/https:\/\/fitstep.rs\/wp-content\/uploads\/2024\/12\/shutterstock_1730276365-scaled.jpg","datePublished":"2024-12-04T14:44:21+00:00","dateModified":"2025-05-14T10:18:54+00:00","description":"Fit Step cardboard plates come in 4 basic shapes. These are white and printed plates made of recycled materials and pure cellulose.","breadcrumb":{"@id":"https:\/\/fitstep.rs\/proizvodi\/tanjiri\/#breadcrumb"},"inLanguage":"en-GB","potentialAction":[{"@type":"ReadAction","target":["https:\/\/fitstep.rs\/proizvodi\/tanjiri\/"]}]},{"@type":"ImageObject","inLanguage":"en-GB","@id":"https:\/\/fitstep.rs\/proizvodi\/tanjiri\/#primaryimage","url":"https:\/\/mlankofacfxh.i.optimole.com\/cb:s9z3.7c7\/w:auto\/h:auto\/q:mauto\/ig:avif\/https:\/\/fitstep.rs\/wp-content\/uploads\/2024\/12\/shutterstock_1730276365-scaled.jpg","contentUrl":"https:\/\/mlankofacfxh.i.optimole.com\/cb:s9z3.7c7\/w:auto\/h:auto\/q:mauto\/ig:avif\/https:\/\/fitstep.rs\/wp-content\/uploads\/2024\/12\/shutterstock_1730276365-scaled.jpg","width":2560,"height":1706},{"@type":"BreadcrumbList","@id":"https:\/\/fitstep.rs\/proizvodi\/tanjiri\/#breadcrumb","itemListElement":[{"@type":"ListItem","position":1,"name":"Home","item":"https:\/\/fitstep.rs\/"},{"@type":"ListItem","position":2,"name":"Proizvodi","item":"https:\/\/fitstep.rs\/proizvodi\/"},{"@type":"ListItem","position":3,"name":"Tanjiri"}]},{"@type":"WebSite","@id":"https:\/\/fitstep.rs\/#website","url":"https:\/\/fitstep.rs\/","name":"fitstep.rs","description":"","potentialAction":[{"@type":"SearchAction","target":{"@type":"EntryPoint","urlTemplate":"https:\/\/fitstep.rs\/?s={search_term_string}"},"query-input":{"@type":"PropertyValueSpecification","valueRequired":true,"valueName":"search_term_string"}}],"inLanguage":"en-GB"}]}},"_links":{"self":[{"href":"https:\/\/fitstep.rs\/en\/wp-json\/wp\/v2\/pages\/348","targetHints":{"allow":["GET"]}}],"collection":[{"href":"https:\/\/fitstep.rs\/en\/wp-json\/wp\/v2\/pages"}],"about":[{"href":"https:\/\/fitstep.rs\/en\/wp-json\/wp\/v2\/types\/page"}],"author":[{"embeddable":true,"href":"https:\/\/fitstep.rs\/en\/wp-json\/wp\/v2\/users\/1"}],"replies":[{"embeddable":true,"href":"https:\/\/fitstep.rs\/en\/wp-json\/wp\/v2\/comments?post=348"}],"version-history":[{"count":34,"href":"https:\/\/fitstep.rs\/en\/wp-json\/wp\/v2\/pages\/348\/revisions"}],"predecessor-version":[{"id":882,"href":"https:\/\/fitstep.rs\/en\/wp-json\/wp\/v2\/pages\/348\/revisions\/882"}],"up":[{"embeddable":true,"href":"https:\/\/fitstep.rs\/en\/wp-json\/wp\/v2\/pages\/7"}],"wp:featuredmedia":[{"embeddable":true,"href":"https:\/\/fitstep.rs\/en\/wp-json\/wp\/v2\/media\/234"}],"wp:attachment":[{"href":"https:\/\/fitstep.rs\/en\/wp-json\/wp\/v2\/media?parent=348"}],"curies":[{"name":"wp","href":"https:\/\/api.w.org\/{rel}","templated":true}]}}