{"id":7,"date":"2024-11-27T13:00:58","date_gmt":"2024-11-27T13:00:58","guid":{"rendered":"https:\/\/fitstep.rs\/?page_id=7"},"modified":"2025-05-14T10:17:51","modified_gmt":"2025-05-14T10:17:51","slug":"product-offer","status":"publish","type":"page","link":"https:\/\/fitstep.rs\/en\/product-offer\/","title":{"rendered":"Products"},"content":{"rendered":"<div data-elementor-type=\"wp-page\" data-elementor-id=\"7\" class=\"elementor elementor-7\">\n\t\t\t\t<div class=\"elementor-element elementor-element-3b25ba70 e-con-full e-flex e-con e-parent\" data-id=\"3b25ba70\" data-element_type=\"container\" data-e-type=\"container\" data-settings=\"{&quot;background_background&quot;:&quot;classic&quot;}\">\n\t\t\t\t<div class=\"elementor-element elementor-element-421e6acf elementor-widget__width-inherit elementor-invisible elementor-widget elementor-widget-heading\" data-id=\"421e6acf\" data-element_type=\"widget\" data-e-type=\"widget\" data-settings=\"{&quot;_animation&quot;:&quot;fadeIn&quot;}\" data-widget_type=\"heading.default\">\n\t\t\t\t<div class=\"elementor-widget-container\">\n\t\t\t\t\t<h2 class=\"elementor-heading-title elementor-size-default\">Fit Step Products<\/h2>\t\t\t\t<\/div>\n\t\t\t\t<\/div>\n\t\t\t\t<\/div>\n\t\t<div class=\"elementor-element elementor-element-3859be4 e-flex e-con-boxed e-con e-parent\" data-id=\"3859be4\" data-element_type=\"container\" data-e-type=\"container\">\n\t\t\t\t\t<div class=\"e-con-inner\">\n\t\t\t\t<div class=\"elementor-element elementor-element-54cabe8 elementor-widget__width-inherit elementor-invisible elementor-widget elementor-widget-text-editor\" data-id=\"54cabe8\" data-element_type=\"widget\" data-e-type=\"widget\" data-settings=\"{&quot;_animation&quot;:&quot;fadeIn&quot;}\" data-widget_type=\"text-editor.default\">\n\t\t\t\t<div class=\"elementor-widget-container\">\n\t\t\t\t\t\t\t\t\t<p>Functionality &amp; Innovation<\/p>\t\t\t\t\t\t\t\t<\/div>\n\t\t\t\t<\/div>\n\t\t\t\t<div class=\"elementor-element elementor-element-429fccbe elementor-widget__width-initial elementor-invisible elementor-widget elementor-widget-heading\" data-id=\"429fccbe\" data-element_type=\"widget\" data-e-type=\"widget\" data-settings=\"{&quot;_animation&quot;:&quot;fadeIn&quot;,&quot;_animation_delay&quot;:200}\" data-widget_type=\"heading.default\">\n\t\t\t\t<div class=\"elementor-widget-container\">\n\t\t\t\t\t<h2 class=\"elementor-heading-title elementor-size-default\">Paper Products Aligned with Your Needs<\/h2>\t\t\t\t<\/div>\n\t\t\t\t<\/div>\n\t\t<div class=\"elementor-element elementor-element-3ba8c6a4 e-con-full e-flex elementor-invisible e-con e-child\" data-id=\"3ba8c6a4\" data-element_type=\"container\" data-e-type=\"container\" data-settings=\"{&quot;animation&quot;:&quot;fadeIn&quot;,&quot;animation_delay&quot;:400}\">\n\t\t<div class=\"elementor-element elementor-element-1713644f e-con-full e-flex e-con e-child\" data-id=\"1713644f\" data-element_type=\"container\" data-e-type=\"container\" data-settings=\"{&quot;background_background&quot;:&quot;classic&quot;}\">\n\t\t\t\t<div class=\"elementor-element elementor-element-16af05d7 elementor-widget elementor-widget-image\" data-id=\"16af05d7\" data-element_type=\"widget\" data-e-type=\"widget\" data-widget_type=\"image.default\">\n\t\t\t\t<div class=\"elementor-widget-container\">\n\t\t\t\t\t\t\t\t\t\t\t\t\t\t\t<img data-opt-id=593757001  fetchpriority=\"high\" decoding=\"async\" width=\"500\" height=\"501\" src=\"https:\/\/mlankofacfxh.i.optimole.com\/cb:s9z3.7c7\/w:auto\/h:auto\/q:mauto\/ig:avif\/https:\/\/fitstep.rs\/wp-content\/uploads\/2024\/12\/number1.png\" class=\"attachment-large size-large wp-image-188\" alt=\"\" srcset=\"https:\/\/mlankofacfxh.i.optimole.com\/cb:s9z3.7c7\/w:500\/h:501\/q:mauto\/ig:avif\/https:\/\/fitstep.rs\/wp-content\/uploads\/2024\/12\/number1.png 500w, https:\/\/mlankofacfxh.i.optimole.com\/cb:s9z3.7c7\/w:300\/h:300\/q:mauto\/ig:avif\/https:\/\/fitstep.rs\/wp-content\/uploads\/2024\/12\/number1.png 300w, https:\/\/mlankofacfxh.i.optimole.com\/cb:s9z3.7c7\/w:150\/h:150\/q:mauto\/ig:avif\/https:\/\/fitstep.rs\/wp-content\/uploads\/2024\/12\/number1.png 150w\" sizes=\"(max-width: 500px) 100vw, 500px\" \/>\t\t\t\t\t\t\t\t\t\t\t\t\t\t\t<\/div>\n\t\t\t\t<\/div>\n\t\t\t\t<\/div>\n\t\t<div class=\"elementor-element elementor-element-3e4b11d0 e-con-full e-flex e-con e-child\" data-id=\"3e4b11d0\" data-element_type=\"container\" data-e-type=\"container\">\n\t\t\t\t<div class=\"elementor-element elementor-element-662cbfd9 elementor-widget elementor-widget-heading\" data-id=\"662cbfd9\" data-element_type=\"widget\" data-e-type=\"widget\" data-widget_type=\"heading.default\">\n\t\t\t\t<div class=\"elementor-widget-container\">\n\t\t\t\t\t<h3 class=\"elementor-heading-title elementor-size-default\">Plates<\/h3>\t\t\t\t<\/div>\n\t\t\t\t<\/div>\n\t\t\t\t<div class=\"elementor-element elementor-element-58e58191 elementor-widget elementor-widget-text-editor\" data-id=\"58e58191\" data-element_type=\"widget\" data-e-type=\"widget\" data-widget_type=\"text-editor.default\">\n\t\t\t\t<div class=\"elementor-widget-container\">\n\t\t\t\t\t\t\t\t\t<p>Fit Step cardboard plates are available in many different sizes, shapes and colors. It is a 100% biodegradable and compostable product made from completely natural materials.<\/p><p>Without admixture of recycled materials, this product is intended for direct contact with food. FSC certified.\u00a0<\/p>\t\t\t\t\t\t\t\t<\/div>\n\t\t\t\t<\/div>\n\t\t\t\t<div class=\"elementor-element elementor-element-1d16fc6 elementor-align-left elementor-mobile-align-left elementor-widget elementor-widget-button\" data-id=\"1d16fc6\" data-element_type=\"widget\" data-e-type=\"widget\" data-widget_type=\"button.default\">\n\t\t\t\t<div class=\"elementor-widget-container\">\n\t\t\t\t\t\t\t\t\t<div class=\"elementor-button-wrapper\">\n\t\t\t\t\t<a class=\"elementor-button elementor-button-link elementor-size-sm\" href=\"https:\/\/fitstep.rs\/en\/product-offer\/plates\/\">\n\t\t\t\t\t\t<span class=\"elementor-button-content-wrapper\">\n\t\t\t\t\t\t\t\t\t<span class=\"elementor-button-text\">Types of Fit Step Plates<\/span>\n\t\t\t\t\t<\/span>\n\t\t\t\t\t<\/a>\n\t\t\t\t<\/div>\n\t\t\t\t\t\t\t\t<\/div>\n\t\t\t\t<\/div>\n\t\t\t\t<\/div>\n\t\t\t\t<\/div>\n\t\t<div class=\"elementor-element elementor-element-2c097667 e-con-full e-flex elementor-invisible e-con e-child\" data-id=\"2c097667\" data-element_type=\"container\" data-e-type=\"container\" data-settings=\"{&quot;animation&quot;:&quot;fadeIn&quot;,&quot;animation_delay&quot;:400}\">\n\t\t<div class=\"elementor-element elementor-element-678754d7 e-con-full e-flex e-con e-child\" data-id=\"678754d7\" data-element_type=\"container\" data-e-type=\"container\" data-settings=\"{&quot;background_background&quot;:&quot;classic&quot;}\">\n\t\t\t\t<div class=\"elementor-element elementor-element-383fd00 elementor-widget elementor-widget-image\" data-id=\"383fd00\" data-element_type=\"widget\" data-e-type=\"widget\" data-widget_type=\"image.default\">\n\t\t\t\t<div class=\"elementor-widget-container\">\n\t\t\t\t\t\t\t\t\t\t\t\t\t\t\t<img data-opt-id=481006683  fetchpriority=\"high\" decoding=\"async\" width=\"500\" height=\"501\" src=\"https:\/\/mlankofacfxh.i.optimole.com\/cb:s9z3.7c7\/w:auto\/h:auto\/q:mauto\/ig:avif\/https:\/\/fitstep.rs\/wp-content\/uploads\/2024\/12\/number2.png\" class=\"attachment-large size-large wp-image-190\" alt=\"\" srcset=\"https:\/\/mlankofacfxh.i.optimole.com\/cb:s9z3.7c7\/w:500\/h:501\/q:mauto\/ig:avif\/https:\/\/fitstep.rs\/wp-content\/uploads\/2024\/12\/number2.png 500w, https:\/\/mlankofacfxh.i.optimole.com\/cb:s9z3.7c7\/w:300\/h:300\/q:mauto\/ig:avif\/https:\/\/fitstep.rs\/wp-content\/uploads\/2024\/12\/number2.png 300w, https:\/\/mlankofacfxh.i.optimole.com\/cb:s9z3.7c7\/w:150\/h:150\/q:mauto\/ig:avif\/https:\/\/fitstep.rs\/wp-content\/uploads\/2024\/12\/number2.png 150w\" sizes=\"(max-width: 500px) 100vw, 500px\" \/>\t\t\t\t\t\t\t\t\t\t\t\t\t\t\t<\/div>\n\t\t\t\t<\/div>\n\t\t\t\t<\/div>\n\t\t<div class=\"elementor-element elementor-element-3ea27ae e-con-full e-flex e-con e-child\" data-id=\"3ea27ae\" data-element_type=\"container\" data-e-type=\"container\">\n\t\t\t\t<div class=\"elementor-element elementor-element-35015806 elementor-widget elementor-widget-heading\" data-id=\"35015806\" data-element_type=\"widget\" data-e-type=\"widget\" data-widget_type=\"heading.default\">\n\t\t\t\t<div class=\"elementor-widget-container\">\n\t\t\t\t\t<h3 class=\"elementor-heading-title elementor-size-default\">Paper Cups<\/h3>\t\t\t\t<\/div>\n\t\t\t\t<\/div>\n\t\t\t\t<div class=\"elementor-element elementor-element-449e7c50 elementor-widget elementor-widget-text-editor\" data-id=\"449e7c50\" data-element_type=\"widget\" data-e-type=\"widget\" data-widget_type=\"text-editor.default\">\n\t\t\t\t<div class=\"elementor-widget-container\">\n\t\t\t\t\t\t\t\t\t<p>Fit Step paper cups are produced from two types of materials. They are cardboard with PE, as well as cardboard with water dispersion.\u00a0<\/p><p>We offer 210ml - 7 oz sups, as well as 350ml - 12 oz ones, and branding is done according to the client's wishes.\u00a0<\/p>\t\t\t\t\t\t\t\t<\/div>\n\t\t\t\t<\/div>\n\t\t\t\t<div class=\"elementor-element elementor-element-29479ce6 elementor-align-left elementor-mobile-align-left elementor-widget elementor-widget-button\" data-id=\"29479ce6\" data-element_type=\"widget\" data-e-type=\"widget\" data-widget_type=\"button.default\">\n\t\t\t\t<div class=\"elementor-widget-container\">\n\t\t\t\t\t\t\t\t\t<div class=\"elementor-button-wrapper\">\n\t\t\t\t\t<a class=\"elementor-button elementor-button-link elementor-size-sm\" href=\"https:\/\/fitstep.rs\/en\/product-offer\/cups\/\">\n\t\t\t\t\t\t<span class=\"elementor-button-content-wrapper\">\n\t\t\t\t\t\t\t\t\t<span class=\"elementor-button-text\">Types of Fit Step Cups<\/span>\n\t\t\t\t\t<\/span>\n\t\t\t\t\t<\/a>\n\t\t\t\t<\/div>\n\t\t\t\t\t\t\t\t<\/div>\n\t\t\t\t<\/div>\n\t\t\t\t<\/div>\n\t\t\t\t<\/div>\n\t\t<div class=\"elementor-element elementor-element-4b004370 e-con-full e-flex elementor-invisible e-con e-child\" data-id=\"4b004370\" data-element_type=\"container\" data-e-type=\"container\" data-settings=\"{&quot;animation&quot;:&quot;fadeIn&quot;,&quot;animation_delay&quot;:400}\">\n\t\t<div class=\"elementor-element elementor-element-7552d87b e-con-full e-flex e-con e-child\" data-id=\"7552d87b\" data-element_type=\"container\" data-e-type=\"container\" data-settings=\"{&quot;background_background&quot;:&quot;classic&quot;}\">\n\t\t\t\t<div class=\"elementor-element elementor-element-df36d3a elementor-widget elementor-widget-image\" data-id=\"df36d3a\" data-element_type=\"widget\" data-e-type=\"widget\" data-widget_type=\"image.default\">\n\t\t\t\t<div class=\"elementor-widget-container\">\n\t\t\t\t\t\t\t\t\t\t\t\t\t\t\t<img data-opt-id=1047602437  data-opt-src=\"https:\/\/mlankofacfxh.i.optimole.com\/cb:s9z3.7c7\/w:auto\/h:auto\/q:mauto\/ig:avif\/https:\/\/fitstep.rs\/wp-content\/uploads\/2024\/12\/number3.png\"  decoding=\"async\" width=\"501\" height=\"501\" src=\"data:image/svg+xml,%3Csvg%20viewBox%3D%220%200%20100%%20100%%22%20width%3D%22100%%22%20height%3D%22100%%22%20xmlns%3D%22http%3A%2F%2Fwww.w3.org%2F2000%2Fsvg%22%3E%3Crect%20width%3D%22100%%22%20height%3D%22100%%22%20fill%3D%22transparent%22%2F%3E%3C%2Fsvg%3E\" class=\"attachment-large size-large wp-image-192\" alt=\"\" old-srcset=\"https:\/\/mlankofacfxh.i.optimole.com\/cb:s9z3.7c7\/w:501\/h:501\/q:mauto\/ig:avif\/https:\/\/fitstep.rs\/wp-content\/uploads\/2024\/12\/number3.png 501w, https:\/\/mlankofacfxh.i.optimole.com\/cb:s9z3.7c7\/w:300\/h:300\/q:mauto\/ig:avif\/https:\/\/fitstep.rs\/wp-content\/uploads\/2024\/12\/number3.png 300w, https:\/\/mlankofacfxh.i.optimole.com\/cb:s9z3.7c7\/w:150\/h:150\/q:mauto\/ig:avif\/https:\/\/fitstep.rs\/wp-content\/uploads\/2024\/12\/number3.png 150w\" \/>\t\t\t\t\t\t\t\t\t\t\t\t\t\t\t<\/div>\n\t\t\t\t<\/div>\n\t\t\t\t<\/div>\n\t\t<div class=\"elementor-element elementor-element-1d8c3214 e-con-full e-flex e-con e-child\" data-id=\"1d8c3214\" data-element_type=\"container\" data-e-type=\"container\">\n\t\t\t\t<div class=\"elementor-element elementor-element-111e2e3f elementor-widget elementor-widget-heading\" data-id=\"111e2e3f\" data-element_type=\"widget\" data-e-type=\"widget\" data-widget_type=\"heading.default\">\n\t\t\t\t<div class=\"elementor-widget-container\">\n\t\t\t\t\t<h3 class=\"elementor-heading-title elementor-size-default\">Paper Baskets<\/h3>\t\t\t\t<\/div>\n\t\t\t\t<\/div>\n\t\t\t\t<div class=\"elementor-element elementor-element-3c9870e elementor-widget elementor-widget-text-editor\" data-id=\"3c9870e\" data-element_type=\"widget\" data-e-type=\"widget\" data-widget_type=\"text-editor.default\">\n\t\t\t\t<div class=\"elementor-widget-container\">\n\t\t\t\t\t\t\t\t\t<p>Fit Step offers paper cups in four different sizes, while the possibilities are endless when it comes to the design of this product.\u00a0<\/p><p>We also offer different packages (of 45, 60, 90 and 200 pieces).\u00a0<\/p>\t\t\t\t\t\t\t\t<\/div>\n\t\t\t\t<\/div>\n\t\t\t\t<div class=\"elementor-element elementor-element-48c28d5f elementor-align-left elementor-mobile-align-left elementor-widget elementor-widget-button\" data-id=\"48c28d5f\" data-element_type=\"widget\" data-e-type=\"widget\" data-widget_type=\"button.default\">\n\t\t\t\t<div class=\"elementor-widget-container\">\n\t\t\t\t\t\t\t\t\t<div class=\"elementor-button-wrapper\">\n\t\t\t\t\t<a class=\"elementor-button elementor-button-link elementor-size-sm\" href=\"https:\/\/fitstep.rs\/en\/product-offer\/paper-baskets\/\">\n\t\t\t\t\t\t<span class=\"elementor-button-content-wrapper\">\n\t\t\t\t\t\t\t\t\t<span class=\"elementor-button-text\">Types of Fit Step Baskets<\/span>\n\t\t\t\t\t<\/span>\n\t\t\t\t\t<\/a>\n\t\t\t\t<\/div>\n\t\t\t\t\t\t\t\t<\/div>\n\t\t\t\t<\/div>\n\t\t\t\t<\/div>\n\t\t\t\t<\/div>\n\t\t\t\t\t<\/div>\n\t\t\t\t<\/div>\n\t\t\t\t<\/div>","protected":false},"excerpt":{"rendered":"<p>Fit Step proizvodi Funkcionalnost &amp; Inovativnost Proizvodi od kartona prilago\u0111eni va\u0161im potrebama Tanjiri Fit Step kartonski tanjiri dostupni su u vi\u0161e razli\u010ditih veli\u010dina, oblika i boja. U pitanju je 100% biorazgradiv i kompostabilan proizvod napravljen od potpuno prirodnih materijala. Bez primese recikliranih materijala, ovaj proizvod je namenjen za direktan kontakt s hranom. FSC sertifikovan.\u00a0 Vrste [&hellip;]<\/p>","protected":false},"author":1,"featured_media":36,"parent":0,"menu_order":0,"comment_status":"closed","ping_status":"closed","template":"elementor_header_footer","meta":{"footnotes":""},"class_list":["post-7","page","type-page","status-publish","has-post-thumbnail","hentry"],"yoast_head":"<!-- This site is optimized with the Yoast SEO plugin v27.4 - https:\/\/yoast.com\/product\/yoast-seo-wordpress\/ -->\n<title>Kompletna ponuda Fit Step papirnih i kartonskih proizvoda<\/title>\n<meta name=\"description\" content=\"Pogledajte kompletnu ponudu Fit Step proizvoda razvrstanih u tri osnovne kategorije: tanjiri, kartonske \u010da\u0161e, papirne korpice.\" \/>\n<meta name=\"robots\" content=\"index, follow, max-snippet:-1, max-image-preview:large, max-video-preview:-1\" \/>\n<link rel=\"canonical\" href=\"https:\/\/fitstep.rs\/en\/product-offer\/\" \/>\n<meta property=\"og:locale\" content=\"en_GB\" \/>\n<meta property=\"og:type\" content=\"article\" \/>\n<meta property=\"og:title\" content=\"Kompletna ponuda Fit Step papirnih i kartonskih proizvoda\" \/>\n<meta property=\"og:description\" content=\"Pogledajte kompletnu ponudu Fit Step proizvoda razvrstanih u tri osnovne kategorije: tanjiri, kartonske \u010da\u0161e, papirne korpice.\" \/>\n<meta property=\"og:url\" content=\"https:\/\/fitstep.rs\/en\/product-offer\/\" \/>\n<meta property=\"og:site_name\" content=\"fitstep.rs\" \/>\n<meta property=\"article:modified_time\" content=\"2025-05-14T10:17:51+00:00\" \/>\n<meta property=\"og:image\" content=\"https:\/\/mlankofacfxh.i.optimole.com\/cb:s9z3.7c7\/w:auto\/h:auto\/q:mauto\/ig:avif\/https:\/\/fitstep.rs\/wp-content\/uploads\/2024\/11\/assortment-non-eco-friendly-plastic-objects-scaled.jpg\" \/>\n\t<meta property=\"og:image:width\" content=\"2560\" \/>\n\t<meta property=\"og:image:height\" content=\"1440\" \/>\n\t<meta property=\"og:image:type\" content=\"image\/jpeg\" \/>\n<meta name=\"twitter:card\" content=\"summary_large_image\" \/>\n<meta name=\"twitter:label1\" content=\"Estimated reading time\" \/>\n\t<meta name=\"twitter:data1\" content=\"2 minutes\" \/>\n<script type=\"application\/ld+json\" class=\"yoast-schema-graph\">{\"@context\":\"https:\\\/\\\/schema.org\",\"@graph\":[{\"@type\":\"WebPage\",\"@id\":\"https:\\\/\\\/fitstep.rs\\\/proizvodi\\\/\",\"url\":\"https:\\\/\\\/fitstep.rs\\\/proizvodi\\\/\",\"name\":\"Kompletna ponuda Fit Step papirnih i kartonskih proizvoda\",\"isPartOf\":{\"@id\":\"https:\\\/\\\/fitstep.rs\\\/#website\"},\"primaryImageOfPage\":{\"@id\":\"https:\\\/\\\/fitstep.rs\\\/proizvodi\\\/#primaryimage\"},\"image\":{\"@id\":\"https:\\\/\\\/fitstep.rs\\\/proizvodi\\\/#primaryimage\"},\"thumbnailUrl\":\"https:\\/\\/fitstep.rs\\/wp-content\\/uploads\\/2024\\/11\\/assortment-non-eco-friendly-plastic-objects-scaled.jpg\",\"datePublished\":\"2024-11-27T13:00:58+00:00\",\"dateModified\":\"2025-05-14T10:17:51+00:00\",\"description\":\"Pogledajte kompletnu ponudu Fit Step proizvoda razvrstanih u tri osnovne kategorije: tanjiri, kartonske \u010da\u0161e, papirne korpice.\",\"breadcrumb\":{\"@id\":\"https:\\\/\\\/fitstep.rs\\\/proizvodi\\\/#breadcrumb\"},\"inLanguage\":\"en-GB\",\"potentialAction\":[{\"@type\":\"ReadAction\",\"target\":[\"https:\\\/\\\/fitstep.rs\\\/proizvodi\\\/\"]}]},{\"@type\":\"ImageObject\",\"inLanguage\":\"en-GB\",\"@id\":\"https:\\\/\\\/fitstep.rs\\\/proizvodi\\\/#primaryimage\",\"url\":\"https:\\/\\/fitstep.rs\\/wp-content\\/uploads\\/2024\\/11\\/assortment-non-eco-friendly-plastic-objects-scaled.jpg\",\"contentUrl\":\"https:\\/\\/fitstep.rs\\/wp-content\\/uploads\\/2024\\/11\\/assortment-non-eco-friendly-plastic-objects-scaled.jpg\",\"width\":2560,\"height\":1440},{\"@type\":\"BreadcrumbList\",\"@id\":\"https:\\\/\\\/fitstep.rs\\\/proizvodi\\\/#breadcrumb\",\"itemListElement\":[{\"@type\":\"ListItem\",\"position\":1,\"name\":\"Home\",\"item\":\"https:\\\/\\\/fitstep.rs\\\/\"},{\"@type\":\"ListItem\",\"position\":2,\"name\":\"Proizvodi\"}]},{\"@type\":\"WebSite\",\"@id\":\"https:\\\/\\\/fitstep.rs\\\/#website\",\"url\":\"https:\\\/\\\/fitstep.rs\\\/\",\"name\":\"fitstep.rs\",\"description\":\"\",\"potentialAction\":[{\"@type\":\"SearchAction\",\"target\":{\"@type\":\"EntryPoint\",\"urlTemplate\":\"https:\\\/\\\/fitstep.rs\\\/?s={search_term_string}\"},\"query-input\":{\"@type\":\"PropertyValueSpecification\",\"valueRequired\":true,\"valueName\":\"search_term_string\"}}],\"inLanguage\":\"en-GB\"}]}<\/script>\n<!-- \/ Yoast SEO plugin. -->","yoast_head_json":{"title":"Full Offer of Fit Step Paper and Cardboard Products","description":"Explore the complete offer of Fit Step products classified into three basic categories: plates, cardboard cups, and paper baskets.","robots":{"index":"index","follow":"follow","max-snippet":"max-snippet:-1","max-image-preview":"max-image-preview:large","max-video-preview":"max-video-preview:-1"},"canonical":"https:\/\/fitstep.rs\/en\/product-offer\/","og_locale":"en_GB","og_type":"article","og_title":"Kompletna ponuda Fit Step papirnih i kartonskih proizvoda","og_description":"Pogledajte kompletnu ponudu Fit Step proizvoda razvrstanih u tri osnovne kategorije: tanjiri, kartonske \u010da\u0161e, papirne korpice.","og_url":"https:\/\/fitstep.rs\/en\/product-offer\/","og_site_name":"fitstep.rs","article_modified_time":"2025-05-14T10:17:51+00:00","og_image":[{"width":2560,"height":1440,"url":"https:\/\/mlankofacfxh.i.optimole.com\/cb:s9z3.7c7\/w:auto\/h:auto\/q:mauto\/ig:avif\/https:\/\/fitstep.rs\/wp-content\/uploads\/2024\/11\/assortment-non-eco-friendly-plastic-objects-scaled.jpg","type":"image\/jpeg"}],"twitter_card":"summary_large_image","twitter_misc":{"Estimated reading time":"2 minutes"},"schema":{"@context":"https:\/\/schema.org","@graph":[{"@type":"WebPage","@id":"https:\/\/fitstep.rs\/proizvodi\/","url":"https:\/\/fitstep.rs\/proizvodi\/","name":"Full Offer of Fit Step Paper and Cardboard Products","isPartOf":{"@id":"https:\/\/fitstep.rs\/#website"},"primaryImageOfPage":{"@id":"https:\/\/fitstep.rs\/proizvodi\/#primaryimage"},"image":{"@id":"https:\/\/fitstep.rs\/proizvodi\/#primaryimage"},"thumbnailUrl":"https:\/\/mlankofacfxh.i.optimole.com\/cb:s9z3.7c7\/w:auto\/h:auto\/q:mauto\/ig:avif\/https:\/\/fitstep.rs\/wp-content\/uploads\/2024\/11\/assortment-non-eco-friendly-plastic-objects-scaled.jpg","datePublished":"2024-11-27T13:00:58+00:00","dateModified":"2025-05-14T10:17:51+00:00","description":"Explore the complete offer of Fit Step products classified into three basic categories: plates, cardboard cups, and paper baskets.","breadcrumb":{"@id":"https:\/\/fitstep.rs\/proizvodi\/#breadcrumb"},"inLanguage":"en-GB","potentialAction":[{"@type":"ReadAction","target":["https:\/\/fitstep.rs\/proizvodi\/"]}]},{"@type":"ImageObject","inLanguage":"en-GB","@id":"https:\/\/fitstep.rs\/proizvodi\/#primaryimage","url":"https:\/\/mlankofacfxh.i.optimole.com\/cb:s9z3.7c7\/w:auto\/h:auto\/q:mauto\/ig:avif\/https:\/\/fitstep.rs\/wp-content\/uploads\/2024\/11\/assortment-non-eco-friendly-plastic-objects-scaled.jpg","contentUrl":"https:\/\/mlankofacfxh.i.optimole.com\/cb:s9z3.7c7\/w:auto\/h:auto\/q:mauto\/ig:avif\/https:\/\/fitstep.rs\/wp-content\/uploads\/2024\/11\/assortment-non-eco-friendly-plastic-objects-scaled.jpg","width":2560,"height":1440},{"@type":"BreadcrumbList","@id":"https:\/\/fitstep.rs\/proizvodi\/#breadcrumb","itemListElement":[{"@type":"ListItem","position":1,"name":"Home","item":"https:\/\/fitstep.rs\/"},{"@type":"ListItem","position":2,"name":"Proizvodi"}]},{"@type":"WebSite","@id":"https:\/\/fitstep.rs\/#website","url":"https:\/\/fitstep.rs\/","name":"fitstep.rs","description":"","potentialAction":[{"@type":"SearchAction","target":{"@type":"EntryPoint","urlTemplate":"https:\/\/fitstep.rs\/?s={search_term_string}"},"query-input":{"@type":"PropertyValueSpecification","valueRequired":true,"valueName":"search_term_string"}}],"inLanguage":"en-GB"}]}},"_links":{"self":[{"href":"https:\/\/fitstep.rs\/en\/wp-json\/wp\/v2\/pages\/7","targetHints":{"allow":["GET"]}}],"collection":[{"href":"https:\/\/fitstep.rs\/en\/wp-json\/wp\/v2\/pages"}],"about":[{"href":"https:\/\/fitstep.rs\/en\/wp-json\/wp\/v2\/types\/page"}],"author":[{"embeddable":true,"href":"https:\/\/fitstep.rs\/en\/wp-json\/wp\/v2\/users\/1"}],"replies":[{"embeddable":true,"href":"https:\/\/fitstep.rs\/en\/wp-json\/wp\/v2\/comments?post=7"}],"version-history":[{"count":32,"href":"https:\/\/fitstep.rs\/en\/wp-json\/wp\/v2\/pages\/7\/revisions"}],"predecessor-version":[{"id":879,"href":"https:\/\/fitstep.rs\/en\/wp-json\/wp\/v2\/pages\/7\/revisions\/879"}],"wp:featuredmedia":[{"embeddable":true,"href":"https:\/\/fitstep.rs\/en\/wp-json\/wp\/v2\/media\/36"}],"wp:attachment":[{"href":"https:\/\/fitstep.rs\/en\/wp-json\/wp\/v2\/media?parent=7"}],"curies":[{"name":"wp","href":"https:\/\/api.w.org\/{rel}","templated":true}]}}